{"id":1711,"date":"2021-06-14T15:10:57","date_gmt":"2021-06-14T13:10:57","guid":{"rendered":"https:\/\/cabaca.biz\/cabaca\/?post_type=product&#038;p=1711"},"modified":"2021-10-14T15:38:06","modified_gmt":"2021-10-14T13:38:06","slug":"saumur-blanc-les-beaugrands-pierre-adrien-vade","status":"publish","type":"product","link":"https:\/\/cabaca.biz\/cabaca\/cave\/saumur-blanc-les-beaugrands-pierre-adrien-vade\/","title":{"rendered":"Saumur blanc &#8211; Les Beaugrands &#8211; Pierre-Adrien Vade"},"content":{"rendered":"<p>Au premier nez, on d\u00e9marre dans un registre sensuel, plein d\u2019un fruit bien m\u00fbr, entre la pomme au four, le miel et le pain toast\u00e9. On per\u00e7oit cependant une note stimulante, \u00e9nergique, de zeste d\u2019orange confit et de mandarine. Plus le vin s\u2019a\u00e8re, plus la fra\u00eecheur s\u2019impose au premier plan : les agrumes se font plus nombreux&#8230;<\/p>\n","protected":false},"excerpt":{"rendered":"<p>Au premier nez, on d\u00e9marre dans un registre sensuel, plein d\u2019un fruit bien m\u00fbr, entre la pomme au four, le miel et le pain toast\u00e9. On per\u00e7oit cependant une note stimulante, \u00e9nergique, de zeste d\u2019orange confit et de mandarine. Plus le vin s\u2019a\u00e8re, plus la fra\u00eecheur s\u2019impose au premier plan : les agrumes se font &hellip;<\/p>\n<p class=\"read-more\"> <a class=\"\" href=\"https:\/\/cabaca.biz\/cabaca\/cave\/saumur-blanc-les-beaugrands-pierre-adrien-vade\/\"> <span class=\"screen-reader-text\">Saumur blanc &#8211; Les Beaugrands &#8211; Pierre-Adrien Vade<\/span> Lire la suite\u00a0\u00bb<\/a><\/p>\n","protected":false},"featured_media":1712,"template":"","meta":[],"product_cat":[45,32],"product_tag":[36,47,34,40,48,37],"class_list":["post-1711","product","type-product","status-publish","has-post-thumbnail","hentry","product_cat-eric-chevalier","product_cat-last","product_tag-chenin","product_tag-eric-chevalier","product_tag-loire","product_tag-saumur","product_tag-vin-bio","product_tag-vin-blanc"],"_links":{"self":[{"href":"https:\/\/cabaca.biz\/cabaca\/wp-json\/wp\/v2\/product\/1711","targetHints":{"allow":["GET"]}}],"collection":[{"href":"https:\/\/cabaca.biz\/cabaca\/wp-json\/wp\/v2\/product"}],"about":[{"href":"https:\/\/cabaca.biz\/cabaca\/wp-json\/wp\/v2\/types\/product"}],"version-history":[{"count":2,"href":"https:\/\/cabaca.biz\/cabaca\/wp-json\/wp\/v2\/product\/1711\/revisions"}],"predecessor-version":[{"id":2242,"href":"https:\/\/cabaca.biz\/cabaca\/wp-json\/wp\/v2\/product\/1711\/revisions\/2242"}],"wp:featuredmedia":[{"embeddable":true,"href":"https:\/\/cabaca.biz\/cabaca\/wp-json\/wp\/v2\/media\/1712"}],"wp:attachment":[{"href":"https:\/\/cabaca.biz\/cabaca\/wp-json\/wp\/v2\/media?parent=1711"}],"wp:term":[{"taxonomy":"product_cat","embeddable":true,"href":"https:\/\/cabaca.biz\/cabaca\/wp-json\/wp\/v2\/product_cat?post=1711"},{"taxonomy":"product_tag","embeddable":true,"href":"https:\/\/cabaca.biz\/cabaca\/wp-json\/wp\/v2\/product_tag?post=1711"}],"curies":[{"name":"wp","href":"https:\/\/api.w.org\/{rel}","templated":true}]}}