{"id":39,"date":"2021-02-24T12:04:07","date_gmt":"2021-02-24T11:04:07","guid":{"rendered":"http:\/\/cabaca.biz\/cabaca\/?page_id=39"},"modified":"2021-10-14T11:14:46","modified_gmt":"2021-10-14T09:14:46","slug":"contact","status":"publish","type":"page","link":"https:\/\/cabaca.biz\/cabaca\/contact\/","title":{"rendered":"Contact"},"content":{"rendered":"\t\t<div data-elementor-type=\"wp-page\" data-elementor-id=\"39\" class=\"elementor elementor-39\" data-elementor-settings=\"[]\">\n\t\t\t\t\t\t\t<div class=\"elementor-section-wrap\">\n\t\t\t\t\t\t\t<section class=\"elementor-section elementor-top-section elementor-element elementor-element-2e5a4a9 elementor-section-full_width elementor-section-height-default elementor-section-height-default\" data-id=\"2e5a4a9\" data-element_type=\"section\" data-settings=\"{&quot;background_background&quot;:&quot;classic&quot;}\">\n\t\t\t\t\t\t<div class=\"elementor-container elementor-column-gap-default\">\n\t\t\t\t\t<div class=\"elementor-column elementor-col-100 elementor-top-column elementor-element elementor-element-8141cdf\" data-id=\"8141cdf\" data-element_type=\"column\" data-settings=\"{&quot;background_background&quot;:&quot;classic&quot;}\">\n\t\t\t<div class=\"elementor-widget-wrap elementor-element-populated\">\n\t\t\t\t\t\t\t\t<section class=\"elementor-section elementor-inner-section elementor-element elementor-element-8df6c21 elementor-section-full_width elementor-section-height-default elementor-section-height-default\" data-id=\"8df6c21\" data-element_type=\"section\">\n\t\t\t\t\t\t<div class=\"elementor-container elementor-column-gap-default\">\n\t\t\t\t\t<div class=\"elementor-column elementor-col-33 elementor-inner-column elementor-element elementor-element-1b9dc33\" data-id=\"1b9dc33\" data-element_type=\"column\">\n\t\t\t<div class=\"elementor-widget-wrap elementor-element-populated\">\n\t\t\t\t\t\t\t\t<div class=\"elementor-element elementor-element-57ec66b elementor-widget elementor-widget-image\" data-id=\"57ec66b\" data-element_type=\"widget\" data-widget_type=\"image.default\">\n\t\t\t\t<div class=\"elementor-widget-container\">\n\t\t\t\t\t\t\t\t\t\t\t\t\t\t\t<img decoding=\"async\" src=\"https:\/\/cabaca.biz\/cabaca\/wp-content\/uploads\/elementor\/thumbs\/logo_PNG_Bordeau-p8r608f4wbv8pdl60mrzihh7xg8xvpk0vvsw5zjd34.png\" title=\"logo_PNG_Bordeau\" alt=\"logo_PNG_Bordeau\" \/>\t\t\t\t\t\t\t\t\t\t\t\t\t\t\t<\/div>\n\t\t\t\t<\/div>\n\t\t\t\t\t<\/div>\n\t\t<\/div>\n\t\t\t\t<div class=\"elementor-column elementor-col-33 elementor-inner-column elementor-element elementor-element-782e94c\" data-id=\"782e94c\" data-element_type=\"column\">\n\t\t\t<div class=\"elementor-widget-wrap elementor-element-populated\">\n\t\t\t\t\t\t\t\t<div class=\"elementor-element elementor-element-47a46fe elementor-widget elementor-widget-spacer\" data-id=\"47a46fe\" data-element_type=\"widget\" data-widget_type=\"spacer.default\">\n\t\t\t\t<div class=\"elementor-widget-container\">\n\t\t\t\t\t<div class=\"elementor-spacer\">\n\t\t\t<div class=\"elementor-spacer-inner\"><\/div>\n\t\t<\/div>\n\t\t\t\t<\/div>\n\t\t\t\t<\/div>\n\t\t\t\t<div class=\"elementor-element elementor-element-08fb7fe elementor-align-left elementor-tablet-align-center elementor-mobile-align-center elementor-widget elementor-widget-button\" data-id=\"08fb7fe\" data-element_type=\"widget\" data-widget_type=\"button.default\">\n\t\t\t\t<div class=\"elementor-widget-container\">\n\t\t\t\t\t<div class=\"elementor-button-wrapper\">\n\t\t\t<a href=\"tel:02-28-49-60-06\" class=\"elementor-button-link elementor-button elementor-size-sm\" role=\"button\">\n\t\t\t\t\t\t<span class=\"elementor-button-content-wrapper\">\n\t\t\t\t\t\t<span class=\"elementor-button-text\">02 28 49 60 06<\/span>\n\t\t<\/span>\n\t\t\t\t\t<\/a>\n\t\t<\/div>\n\t\t\t\t<\/div>\n\t\t\t\t<\/div>\n\t\t\t\t<div class=\"elementor-element elementor-element-65224c0 elementor-align-left elementor-tablet-align-left elementor-mobile-align-center elementor-widget elementor-widget-button\" data-id=\"65224c0\" data-element_type=\"widget\" data-widget_type=\"button.default\">\n\t\t\t\t<div class=\"elementor-widget-container\">\n\t\t\t\t\t<div class=\"elementor-button-wrapper\">\n\t\t\t<a href=\"https:\/\/goo.gl\/maps\/CcfX7jKoZVazFWL38\" class=\"elementor-button-link elementor-button elementor-size-sm\" role=\"button\">\n\t\t\t\t\t\t<span class=\"elementor-button-content-wrapper\">\n\t\t\t\t\t\t<span class=\"elementor-button-text\">43 rue Bougainville, 44100 Nantes<\/span>\n\t\t<\/span>\n\t\t\t\t\t<\/a>\n\t\t<\/div>\n\t\t\t\t<\/div>\n\t\t\t\t<\/div>\n\t\t\t\t<div class=\"elementor-element elementor-element-d5e7560 elementor-widget elementor-widget-spacer\" data-id=\"d5e7560\" data-element_type=\"widget\" data-widget_type=\"spacer.default\">\n\t\t\t\t<div class=\"elementor-widget-container\">\n\t\t\t\t\t<div class=\"elementor-spacer\">\n\t\t\t<div class=\"elementor-spacer-inner\"><\/div>\n\t\t<\/div>\n\t\t\t\t<\/div>\n\t\t\t\t<\/div>\n\t\t\t\t\t<\/div>\n\t\t<\/div>\n\t\t\t\t<div class=\"elementor-column elementor-col-33 elementor-inner-column elementor-element elementor-element-2f8ae69 bounce-in-right\" data-id=\"2f8ae69\" data-element_type=\"column\">\n\t\t\t<div class=\"elementor-widget-wrap elementor-element-populated\">\n\t\t\t\t\t\t\t\t<div class=\"elementor-element elementor-element-18f2e77 elementor-widget__width-auto elementor-widget elementor-widget-text-editor\" data-id=\"18f2e77\" data-element_type=\"widget\" data-widget_type=\"text-editor.default\">\n\t\t\t\t<div class=\"elementor-widget-container\">\n\t\t\t\t\t\t\t<p>Dimanche et Lundi : <strong>Ferm\u00e9<\/strong><\/p><p>Mardi : <strong>10h &#8211; 14h | 15h &#8211; 19h<\/strong><\/p><p>Mercredi : <strong>10h &#8211; 14h | 15h &#8211; 19h<\/strong><\/p><p>Jeudi : <strong>10h &#8211; 14h | 15h &#8211; 19h<\/strong><\/p><p>Vendredi :<strong> 10h &#8211; 14h | 15h &#8211; 19h<\/strong><\/p><p>Samedi :<strong> 10h\u00a0 &#8211; 19h<\/strong><\/p>\t\t\t\t\t\t<\/div>\n\t\t\t\t<\/div>\n\t\t\t\t\t<\/div>\n\t\t<\/div>\n\t\t\t\t\t\t\t<\/div>\n\t\t<\/section>\n\t\t\t\t\t<\/div>\n\t\t<\/div>\n\t\t\t\t\t\t\t<\/div>\n\t\t<\/section>\n\t\t\t\t<section class=\"elementor-section elementor-top-section elementor-element elementor-element-5cffb73 elementor-section-boxed elementor-section-height-default elementor-section-height-default\" data-id=\"5cffb73\" data-element_type=\"section\">\n\t\t\t\t\t\t<div class=\"elementor-container elementor-column-gap-default\">\n\t\t\t\t\t<div class=\"elementor-column elementor-col-100 elementor-top-column elementor-element elementor-element-684ea44\" data-id=\"684ea44\" data-element_type=\"column\">\n\t\t\t<div class=\"elementor-widget-wrap elementor-element-populated\">\n\t\t\t\t\t\t\t\t<div class=\"elementor-element elementor-element-f17d081 elementor-widget elementor-widget-spacer\" data-id=\"f17d081\" data-element_type=\"widget\" data-widget_type=\"spacer.default\">\n\t\t\t\t<div class=\"elementor-widget-container\">\n\t\t\t\t\t<div class=\"elementor-spacer\">\n\t\t\t<div class=\"elementor-spacer-inner\"><\/div>\n\t\t<\/div>\n\t\t\t\t<\/div>\n\t\t\t\t<\/div>\n\t\t\t\t<div class=\"elementor-element elementor-element-be5a19e elementor-widget elementor-widget-heading\" data-id=\"be5a19e\" data-element_type=\"widget\" data-widget_type=\"heading.default\">\n\t\t\t\t<div class=\"elementor-widget-container\">\n\t\t\t<h2 class=\"elementor-heading-title elementor-size-default\">Nous Contacter<\/h2>\t\t<\/div>\n\t\t\t\t<\/div>\n\t\t\t\t<div class=\"elementor-element elementor-element-1bf6fa5 elementor-widget elementor-widget-text-editor\" data-id=\"1bf6fa5\" data-element_type=\"widget\" data-widget_type=\"text-editor.default\">\n\t\t\t\t<div class=\"elementor-widget-container\">\n\t\t\t\t\t\t\t<div role=\"form\" class=\"wpcf7\" id=\"wpcf7-f270-o1\" lang=\"fr-FR\" dir=\"ltr\">\n<div class=\"screen-reader-response\"><p role=\"status\" aria-live=\"polite\" aria-atomic=\"true\"><\/p> <ul><\/ul><\/div>\n<form action=\"\/cabaca\/wp-json\/wp\/v2\/pages\/39#wpcf7-f270-o1\" method=\"post\" class=\"wpcf7-form init\" novalidate=\"novalidate\" data-status=\"init\">\n<div style=\"display: none;\">\n<input type=\"hidden\" name=\"_wpcf7\" value=\"270\" \/>\n<input type=\"hidden\" name=\"_wpcf7_version\" value=\"5.5.1\" \/>\n<input type=\"hidden\" name=\"_wpcf7_locale\" value=\"fr_FR\" \/>\n<input type=\"hidden\" name=\"_wpcf7_unit_tag\" value=\"wpcf7-f270-o1\" \/>\n<input type=\"hidden\" name=\"_wpcf7_container_post\" value=\"0\" \/>\n<input type=\"hidden\" name=\"_wpcf7_posted_data_hash\" value=\"\" \/>\n<\/div>\n<p>Vous \u00eates * <span class=\"wpcf7-form-control-wrap who\"><span class=\"wpcf7-form-control wpcf7-radio\"><span class=\"wpcf7-list-item first\"><span class=\"wpcf7-list-item-label\">Entreprise<\/span><input type=\"radio\" name=\"who\" value=\"Entreprise\" checked=\"checked\" \/><\/span><span class=\"wpcf7-list-item last\"><span class=\"wpcf7-list-item-label\">Particulier<\/span><input type=\"radio\" name=\"who\" value=\"Particulier\" \/><\/span><\/span><\/span><\/p>\n<p><label>Votre pr\u00e9nom <span class=\"wpcf7-form-control-wrap prenom\"><input type=\"text\" name=\"prenom\" value=\"\" size=\"40\" class=\"wpcf7-form-control wpcf7-text formInput\" aria-invalid=\"false\" placeholder=\"pr\u00e9nom\" \/><\/span><\/label><\/p>\n<p><label> Votre nom<br \/>\n    <span class=\"wpcf7-form-control-wrap your-name\"><input type=\"text\" name=\"your-name\" value=\"\" size=\"40\" class=\"wpcf7-form-control wpcf7-text formInput\" aria-invalid=\"false\" placeholder=\"nom\" \/><\/span> <\/label><\/p>\n<p><label> Votre e-mail *<br \/>\n    <span class=\"wpcf7-form-control-wrap your-email\"><input type=\"email\" name=\"your-email\" value=\"\" size=\"40\" class=\"wpcf7-form-control wpcf7-text wpcf7-email wpcf7-validates-as-required wpcf7-validates-as-email formInput\" aria-required=\"true\" aria-invalid=\"false\" placeholder=\"contact@cabaca.fr\" \/><\/span> <\/label><\/p>\n<p><label> Votre num\u00e9ro de t\u00e9l\u00e9phone *<br \/>\n    <span class=\"wpcf7-form-control-wrap tel-654\"><input type=\"tel\" name=\"tel-654\" value=\"\" size=\"40\" class=\"wpcf7-form-control wpcf7-text wpcf7-tel wpcf7-validates-as-required wpcf7-validates-as-tel formInput\" aria-required=\"true\" aria-invalid=\"false\" placeholder=\"02 28 49 60 06\" \/><\/span> <\/label><\/p>\n<p><label>Objet <span class=\"wpcf7-form-control-wrap object\"><select name=\"object\" class=\"wpcf7-form-control wpcf7-select formInput\" aria-invalid=\"false\"><option value=\"r\u00e9servation de table\">r\u00e9servation de table<\/option><option value=\"reserver une degustation\">reserver une degustation<\/option><option value=\"privatiser l&#039;\u00e9tablissement\">privatiser l&#039;\u00e9tablissement<\/option><option value=\"autre\">autre<\/option><\/select><\/span><\/label><\/p>\n<p><label> Votre message *<br \/>\n    <span class=\"wpcf7-form-control-wrap your-message\"><textarea name=\"your-message\" cols=\"40\" rows=\"10\" class=\"wpcf7-form-control wpcf7-textarea wpcf7-validates-as-required formInput\" aria-required=\"true\" aria-invalid=\"false\" placeholder=\"Bonjour,\"><\/textarea><\/span> <\/label><\/p>\n<p><input type=\"submit\" value=\"Envoyer\" class=\"wpcf7-form-control has-spinner wpcf7-submit\" \/><\/p>\n<div class=\"wpcf7-response-output\" aria-hidden=\"true\"><\/div><\/form><\/div>\t\t\t\t\t\t<\/div>\n\t\t\t\t<\/div>\n\t\t\t\t<div class=\"elementor-element elementor-element-dac5019 elementor-widget elementor-widget-spacer\" data-id=\"dac5019\" data-element_type=\"widget\" data-widget_type=\"spacer.default\">\n\t\t\t\t<div class=\"elementor-widget-container\">\n\t\t\t\t\t<div class=\"elementor-spacer\">\n\t\t\t<div class=\"elementor-spacer-inner\"><\/div>\n\t\t<\/div>\n\t\t\t\t<\/div>\n\t\t\t\t<\/div>\n\t\t\t\t\t<\/div>\n\t\t<\/div>\n\t\t\t\t\t\t\t<\/div>\n\t\t<\/section>\n\t\t\t\t\t\t<\/div>\n\t\t\t\t\t<\/div>\n\t\t","protected":false},"excerpt":{"rendered":"<p>02 28 49 60 06 43 rue Bougainville, 44100 Nantes Dimanche et Lundi : Ferm\u00e9 Mardi : 10h &#8211; 14h | 15h &#8211; 19h Mercredi : 10h &#8211; 14h | 15h &#8211; 19h Jeudi : 10h &#8211; 14h | 15h &#8211; 19h Vendredi : 10h &#8211; 14h | 15h &#8211; 19h Samedi : 10h\u00a0 &#8211; &hellip;<\/p>\n<p class=\"read-more\"> <a class=\"\" href=\"https:\/\/cabaca.biz\/cabaca\/contact\/\"> <span class=\"screen-reader-text\">Contact<\/span> Lire la suite\u00a0\u00bb<\/a><\/p>\n","protected":false},"author":3,"featured_media":223,"parent":0,"menu_order":0,"comment_status":"closed","ping_status":"closed","template":"","meta":{"footnotes":""},"class_list":["post-39","page","type-page","status-publish","has-post-thumbnail","hentry"],"_links":{"self":[{"href":"https:\/\/cabaca.biz\/cabaca\/wp-json\/wp\/v2\/pages\/39","targetHints":{"allow":["GET"]}}],"collection":[{"href":"https:\/\/cabaca.biz\/cabaca\/wp-json\/wp\/v2\/pages"}],"about":[{"href":"https:\/\/cabaca.biz\/cabaca\/wp-json\/wp\/v2\/types\/page"}],"author":[{"embeddable":true,"href":"https:\/\/cabaca.biz\/cabaca\/wp-json\/wp\/v2\/users\/3"}],"replies":[{"embeddable":true,"href":"https:\/\/cabaca.biz\/cabaca\/wp-json\/wp\/v2\/comments?post=39"}],"version-history":[{"count":157,"href":"https:\/\/cabaca.biz\/cabaca\/wp-json\/wp\/v2\/pages\/39\/revisions"}],"predecessor-version":[{"id":2826,"href":"https:\/\/cabaca.biz\/cabaca\/wp-json\/wp\/v2\/pages\/39\/revisions\/2826"}],"wp:featuredmedia":[{"embeddable":true,"href":"https:\/\/cabaca.biz\/cabaca\/wp-json\/wp\/v2\/media\/223"}],"wp:attachment":[{"href":"https:\/\/cabaca.biz\/cabaca\/wp-json\/wp\/v2\/media?parent=39"}],"curies":[{"name":"wp","href":"https:\/\/api.w.org\/{rel}","templated":true}]}}